{"id":88048,"date":"2025-01-22T14:10:37","date_gmt":"2025-01-22T22:10:37","guid":{"rendered":"https:\/\/hypercharge.com\/alertes-courriel\/"},"modified":"2026-03-04T11:45:17","modified_gmt":"2026-03-04T19:45:17","slug":"alertes-courriel","status":"publish","type":"page","link":"https:\/\/hypercharge.com\/fr\/relations-avec-les-investisseurs\/alertes-courriel\/","title":{"rendered":"Alertes courriel"},"content":{"rendered":"<p>[et_pb_section fb_built=\u00a0\u00bb1&Prime; disabled_on=\u00a0\u00bboff|off|off\u00a0\u00bb admin_label=\u00a0\u00bbSection\u00a0\u00bb _builder_version=\u00a0\u00bb4.27.4&Prime; _module_preset=\u00a0\u00bbdefault\u00a0\u00bb background_color=\u00a0\u00bbgcid-e33f8766-dffb-4d73-ab3e-baaca5820587&Prime; background_enable_image=\u00a0\u00bboff\u00a0\u00bb custom_padding=\u00a0\u00bb30px||30px||false|false\u00a0\u00bb hover_enabled=\u00a0\u00bb0&Prime; background_enable_color_tablet=\u00a0\u00bboff\u00a0\u00bb use_background_color_gradient_tablet=\u00a0\u00bbon\u00a0\u00bb background_color_gradient_direction_tablet=\u00a0\u00bb180deg\u00a0\u00bb background_color_gradient_stops_tablet=\u00a0\u00bbrgba(10,28,43,0.9) 100%|rgba(0,0,0,0) 100%\u00a0\u00bb background_color_gradient_overlays_image_tablet=\u00a0\u00bbon\u00a0\u00bb background_color_gradient_start_tablet=\u00a0\u00bbrgba(10,28,43,0.9)\u00a0\u00bb background_color_gradient_end_tablet=\u00a0\u00bbrgba(0,0,0,0)\u00a0\u00bb background_image_tablet=\u00a0\u00bbhttps:\/\/hypercharge.com\/wp-content\/uploads\/hc-fleet-tra-head.jpg\u00a0\u00bb background_enable_image_tablet=\u00a0\u00bbon\u00a0\u00bb background_enable_mask_style_tablet=\u00a0\u00bboff\u00a0\u00bb da_disable_devices=\u00a0\u00bboff|off|off\u00a0\u00bb locked=\u00a0\u00bboff\u00a0\u00bb global_colors_info=\u00a0\u00bb{%22gcid-e33f8766-dffb-4d73-ab3e-baaca5820587%22:%91%22background_color%22,%22background_color%22%93}\u00a0\u00bb sticky_enabled=\u00a0\u00bb0&Prime; da_is_popup=\u00a0\u00bboff\u00a0\u00bb da_exit_intent=\u00a0\u00bboff\u00a0\u00bb da_has_close=\u00a0\u00bbon\u00a0\u00bb da_alt_close=\u00a0\u00bboff\u00a0\u00bb da_dark_close=\u00a0\u00bboff\u00a0\u00bb da_not_modal=\u00a0\u00bbon\u00a0\u00bb da_is_singular=\u00a0\u00bboff\u00a0\u00bb da_with_loader=\u00a0\u00bboff\u00a0\u00bb da_has_shadow=\u00a0\u00bbon\u00a0\u00bb][et_pb_row use_custom_gutter=\u00a0\u00bbon\u00a0\u00bb gutter_width=\u00a0\u00bb2&Prime; _builder_version=\u00a0\u00bb4.27.4&Prime; _module_preset=\u00a0\u00bbdefault\u00a0\u00bb background_enable_color=\u00a0\u00bboff\u00a0\u00bb background_enable_image=\u00a0\u00bboff\u00a0\u00bb max_width=\u00a0\u00bb1150px\u00a0\u00bb custom_margin=\u00a0\u00bb||||false|false\u00a0\u00bb custom_padding=\u00a0\u00bb0px||0px||false|false\u00a0\u00bb hover_enabled=\u00a0\u00bb0&Prime; locked=\u00a0\u00bboff\u00a0\u00bb global_colors_info=\u00a0\u00bb{%22gcid-primary-color%22:%91%22border_color_all%22%93}\u00a0\u00bb custom_css_main_element_last_edited=\u00a0\u00bboff|tablet\u00a0\u00bb custom_css_main_element_tablet=\u00a0\u00bb \u00a0\u00bb custom_css_main_element_phone=\u00a0\u00bb \u00a0\u00bb max_width__hover_enabled=\u00a0\u00bboff|desktop\u00a0\u00bb border_width_all=\u00a0\u00bb1px\u00a0\u00bb border_color_all=\u00a0\u00bbgcid-primary-color\u00a0\u00bb sticky_enabled=\u00a0\u00bb0&Prime;][et_pb_column type=\u00a0\u00bb4_4&Prime; _builder_version=\u00a0\u00bb4.27.4&Prime; _module_preset=\u00a0\u00bbdefault\u00a0\u00bb background_color=\u00a0\u00bb#FFFFFF\u00a0\u00bb background_enable_image=\u00a0\u00bboff\u00a0\u00bb custom_padding=\u00a0\u00bb3%|3%|3%|3%|true|true\u00a0\u00bb border_radii=\u00a0\u00bbon|10px|10px|10px|10px\u00a0\u00bb border_color_all=\u00a0\u00bbgcid-4f4eeadd-8d79-4837-8453-22ff44dfdc2b\u00a0\u00bb global_colors_info=\u00a0\u00bb{%22gcid-4f4eeadd-8d79-4837-8453-22ff44dfdc2b%22:%91%22border_color_all%22%93}\u00a0\u00bb border_width_all__hover_enabled=\u00a0\u00bboff|desktop\u00a0\u00bb border_width_all__hover=\u00a0\u00bb1px\u00a0\u00bb][et_pb_text _builder_version=\u00a0\u00bb4.27.4&Prime; _module_preset=\u00a0\u00bbdefault\u00a0\u00bb text_font=\u00a0\u00bbInter||||||||\u00a0\u00bb text_text_color=\u00a0\u00bb#FFFFFF\u00a0\u00bb text_letter_spacing=\u00a0\u00bb-2px\u00a0\u00bb text_line_height=\u00a0\u00bb1.2em\u00a0\u00bb header_text_color=\u00a0\u00bbgcid-heading-color\u00a0\u00bb header_font_size=\u00a0\u00bb58px\u00a0\u00bb custom_margin=\u00a0\u00bb||||false|false\u00a0\u00bb custom_margin_tablet=\u00a0\u00bb||30px||false|false\u00a0\u00bb custom_margin_last_edited=\u00a0\u00bboff|desktop\u00a0\u00bb hover_enabled=\u00a0\u00bb0&Prime; text_font_size_tablet=\u00a0\u00bb80px\u00a0\u00bb text_font_size_phone=\u00a0\u00bb55px\u00a0\u00bb text_font_size_last_edited=\u00a0\u00bboff|desktop\u00a0\u00bb global_colors_info=\u00a0\u00bb{%22gcid-4cbbbbbc-2956-4560-9b4b-008a3e6b5657%22:%91%22text_text_color%22,%22link_text_color%22%93,%22gcid-4f4eeadd-8d79-4837-8453-22ff44dfdc2b%22:%91%22link_text_color__hover%22%93,%22gcid-heading-color%22:%91%22header_text_color%22%93}\u00a0\u00bb sticky_enabled=\u00a0\u00bb0&Prime;]<\/p>\n<h1>Alertes courriel aux investisseurs<\/h1>\n<p>[\/et_pb_text][et_pb_text _builder_version=\u00a0\u00bb4.27.4&Prime; _module_preset=\u00a0\u00bbdefault\u00a0\u00bb text_font_size=\u00a0\u00bb16px\u00a0\u00bb custom_margin=\u00a0\u00bb||19px||false|false\u00a0\u00bb hover_enabled=\u00a0\u00bb0&Prime; text_orientation_tablet=\u00a0\u00bbcenter\u00a0\u00bb text_orientation_phone=\u00a0\u00bbcenter\u00a0\u00bb text_orientation_last_edited=\u00a0\u00bboff|desktop\u00a0\u00bb global_colors_info=\u00a0\u00bb{}\u00a0\u00bb sticky_enabled=\u00a0\u00bb0&Prime;]<\/p>\n<p>Pour vous inscrire aux alertes courriel aux investisseurs, veuillez entrer votre adresse courriel dans le champ ci-dessous.<\/p>\n<p>Chez Hypercharge Networks Corp., nous nous engageons \u00e0 respecter votre vie priv\u00e9e et ne partagerons vos informations avec aucun tiers. Vous pouvez vous d\u00e9sabonner des alertes aux investisseurs \u00e0 tout moment en cliquant sur le bouton de d\u00e9sabonnement dans le pied de page de chaque courriel.   <\/p>\n<p>[\/et_pb_text][et_pb_text _builder_version=\u00a0\u00bb4.25.1&Prime; _module_preset=\u00a0\u00bbdefault\u00a0\u00bb text_orientation=\u00a0\u00bbcenter\u00a0\u00bb custom_margin=\u00a0\u00bb||1px|||\u00a0\u00bb global_colors_info=\u00a0\u00bb{}\u00a0\u00bb]<\/p>\n<div class=\"frm_forms  with_frm_style frm_inline_form frm_style_email-only\" id=\"frm_form_90_container\" data-token=\"8ee677d5ca4f7aa424d4ca3c49cfc34f\">\n<form enctype=\"multipart\/form-data\" method=\"post\" class=\"frm-show-form  frm_pro_form \" id=\"form_j4n0j\" data-token=\"8ee677d5ca4f7aa424d4ca3c49cfc34f\">\n<div class=\"frm_form_fields \">\n<fieldset>\n<legend class=\"frm_screen_reader\">Investor Email Signup<\/legend>\r\n\r\n<div class=\"frm_fields_container\">\n<input type=\"hidden\" name=\"frm_action\" value=\"create\" \/>\n<input type=\"hidden\" name=\"form_id\" value=\"90\" \/>\n<input type=\"hidden\" name=\"frm_hide_fields_90\" id=\"frm_hide_fields_90\" value=\"\" \/>\n<input type=\"hidden\" name=\"form_key\" value=\"j4n0j\" \/>\n<input type=\"hidden\" name=\"item_meta[0]\" value=\"\" \/>\n<input type=\"hidden\" id=\"frm_submit_entry_90\" name=\"frm_submit_entry_90\" value=\"4e7e01f929\" \/><input type=\"hidden\" name=\"_wp_http_referer\" value=\"\/fr\/wp-json\/wp\/v2\/pages\/88048\" \/><div id=\"frm_field_1403_container\" class=\"frm_form_field form-field  frm_required_field frm_none_container\">\r\n\t<label for=\"field_2aga6\" id=\"field_2aga6_label\" class=\"frm_primary_label\">Email\r\n\t\t<span class=\"frm_required\" aria-hidden=\"true\">*<\/span>\r\n\t<\/label>\r\n\t<input type=\"email\" id=\"field_2aga6\" name=\"item_meta[1403]\" value=\"\"  autocomplete=\"email\"  placeholder=\"Email\" data-reqmsg=\"Email cannot be blank.\" aria-required=\"true\" data-invmsg=\"Email is invalid\" aria-invalid=\"false\"  \/>\r\n\t\r\n\t\r\n<\/div>\n<div id=\"frm_field_1402_container\" class=\"frm_form_field form-field \">\r\n\t<div class=\"frm_submit frm_flex\">\r\n<button class=\"frm_button_submit frm_final_submit\" type=\"submit\"   formnovalidate=\"formnovalidate\">Submit<\/button>\r\n\r\n\r\n\r\n<\/div>\r\n<\/div>\n\t<input type=\"hidden\" name=\"item_key\" value=\"\" \/>\n\t\t\t<div id=\"frm_field_1780_container\">\n\t\t\t<label for=\"field_pdjgu\" >\n\t\t\t\tIf you are human, leave this field blank.\t\t\t<\/label>\n\t\t\t<input  id=\"field_pdjgu\" type=\"text\" class=\"frm_form_field form-field frm_verify\" name=\"item_meta[1780]\" value=\"\"  \/>\n\t\t<\/div>\n\t\t<input name=\"frm_state\" type=\"hidden\" value=\"mZIYvU8LXLsU+18a9BFHp+VF1hplRggMIrOasXqrZLBSRf+CH4NyM94YSUYQIh6V\" \/><\/div>\n<\/fieldset>\n<\/div>\n\n<\/form>\n<\/div>\n\n<p>[\/et_pb_text][et_pb_text _builder_version=\u00a0\u00bb4.25.1&Prime; _module_preset=\u00a0\u00bbdefault\u00a0\u00bb text_text_color=\u00a0\u00bbgcid-7aa6e3ea-fd6f-4671-821d-251eb030fc7b\u00a0\u00bb text_font_size=\u00a0\u00bb14px\u00a0\u00bb custom_margin=\u00a0\u00bb||0px||false|false\u00a0\u00bb text_orientation_tablet=\u00a0\u00bbcenter\u00a0\u00bb text_orientation_phone=\u00a0\u00bbcenter\u00a0\u00bb text_orientation_last_edited=\u00a0\u00bboff|desktop\u00a0\u00bb global_colors_info=\u00a0\u00bb{%22gcid-4cbbbbbc-2956-4560-9b4b-008a3e6b5657%22:%91%22link_text_color%22%93,%22gcid-4f4eeadd-8d79-4837-8453-22ff44dfdc2b%22:%91%22link_text_color__hover%22%93,%22gcid-7aa6e3ea-fd6f-4671-821d-251eb030fc7b%22:%91%22text_text_color%22%93}\u00a0\u00bb]<\/p>\n<p>En soumettant votre adresse courriel, vous acceptez de recevoir des communications d\u2019Hypercharge Networks Corp. et de nos partenaires autoris\u00e9s en marketing et relations avec les investisseurs. Vous pouvez vous d\u00e9sabonner \u00e0 tout moment. <\/p>\n<p>[\/et_pb_text][\/et_pb_column][\/et_pb_row][\/et_pb_section]<\/p>\n","protected":false},"excerpt":{"rendered":"<p>Alertes courriel aux investisseursPour vous inscrire aux alertes courriel aux investisseurs, veuillez entrer votre adresse courriel dans le champ ci-dessous. Chez Hypercharge Networks Corp., nous nous engageons \u00e0 respecter votre vie priv\u00e9e et ne partagerons vos informations avec aucun tiers. Vous pouvez vous d\u00e9sabonner des alertes aux investisseurs \u00e0 tout moment en cliquant sur le [&hellip;]<\/p>\n","protected":false},"author":5,"featured_media":0,"parent":88062,"menu_order":0,"comment_status":"closed","ping_status":"closed","template":"","meta":{"_et_pb_use_builder":"on","_et_pb_old_content":"","_et_gb_content_width":"","inline_featured_image":false,"footnotes":""},"wf_page_folders":[263],"class_list":["post-88048","page","type-page","status-publish","hentry"],"_links":{"self":[{"href":"https:\/\/hypercharge.com\/fr\/wp-json\/wp\/v2\/pages\/88048","targetHints":{"allow":["GET"]}}],"collection":[{"href":"https:\/\/hypercharge.com\/fr\/wp-json\/wp\/v2\/pages"}],"about":[{"href":"https:\/\/hypercharge.com\/fr\/wp-json\/wp\/v2\/types\/page"}],"author":[{"embeddable":true,"href":"https:\/\/hypercharge.com\/fr\/wp-json\/wp\/v2\/users\/5"}],"replies":[{"embeddable":true,"href":"https:\/\/hypercharge.com\/fr\/wp-json\/wp\/v2\/comments?post=88048"}],"version-history":[{"count":0,"href":"https:\/\/hypercharge.com\/fr\/wp-json\/wp\/v2\/pages\/88048\/revisions"}],"up":[{"embeddable":true,"href":"https:\/\/hypercharge.com\/fr\/wp-json\/wp\/v2\/pages\/88062"}],"wp:attachment":[{"href":"https:\/\/hypercharge.com\/fr\/wp-json\/wp\/v2\/media?parent=88048"}],"wp:term":[{"taxonomy":"wf_page_folders","embeddable":true,"href":"https:\/\/hypercharge.com\/fr\/wp-json\/wp\/v2\/wf_page_folders?post=88048"}],"curies":[{"name":"wp","href":"https:\/\/api.w.org\/{rel}","templated":true}]}}