{"id":88157,"date":"2022-06-08T09:51:05","date_gmt":"2022-06-08T16:51:05","guid":{"rendered":"https:\/\/hypercharge.com\/contact\/"},"modified":"2026-03-20T14:59:29","modified_gmt":"2026-03-20T21:59:29","slug":"contact","status":"publish","type":"page","link":"https:\/\/hypercharge.com\/fr\/contact\/","title":{"rendered":"Contact"},"content":{"rendered":"<p>[et_pb_section fb_built=\u00a0\u00bb1&Prime; custom_padding_last_edited=\u00a0\u00bboff|desktop\u00a0\u00bb disabled_on=\u00a0\u00bboff|off|off\u00a0\u00bb admin_label=\u00a0\u00bbSection\u00a0\u00bb _builder_version=\u00a0\u00bb4.22.1&Prime; _module_preset=\u00a0\u00bbdefault\u00a0\u00bb background_color=\u00a0\u00bbgcid-e33f8766-dffb-4d73-ab3e-baaca5820587&Prime; background_enable_image=\u00a0\u00bboff\u00a0\u00bb custom_padding=\u00a0\u00bb30px||30px||false|false\u00a0\u00bb custom_padding_tablet=\u00a0\u00bb60px||60px||true|false\u00a0\u00bb custom_padding_phone=\u00a0\u00bb60px||60px||true|false\u00a0\u00bb background_last_edited=\u00a0\u00bboff|desktop\u00a0\u00bb background_enable_color_tablet=\u00a0\u00bboff\u00a0\u00bb use_background_color_gradient_tablet=\u00a0\u00bbon\u00a0\u00bb background_color_gradient_direction_tablet=\u00a0\u00bb180deg\u00a0\u00bb background_color_gradient_stops_tablet=\u00a0\u00bbrgba(10,28,43,0.9) 100%|rgba(0,0,0,0) 100%\u00a0\u00bb background_color_gradient_overlays_image_tablet=\u00a0\u00bbon\u00a0\u00bb background_color_gradient_start_tablet=\u00a0\u00bbrgba(10,28,43,0.9)\u00a0\u00bb background_color_gradient_end_tablet=\u00a0\u00bbrgba(0,0,0,0)\u00a0\u00bb background_image_tablet=\u00a0\u00bbhttps:\/\/hypercharge.com\/wp-content\/uploads\/hc-fleet-tra-head.jpg\u00a0\u00bb background_enable_image_tablet=\u00a0\u00bbon\u00a0\u00bb background_enable_mask_style_tablet=\u00a0\u00bboff\u00a0\u00bb da_disable_devices=\u00a0\u00bboff|off|off\u00a0\u00bb locked=\u00a0\u00bboff\u00a0\u00bb global_colors_info=\u00a0\u00bb{%22gcid-e33f8766-dffb-4d73-ab3e-baaca5820587%22:%91%22background_color%22%93}\u00a0\u00bb da_is_popup=\u00a0\u00bboff\u00a0\u00bb da_exit_intent=\u00a0\u00bboff\u00a0\u00bb da_has_close=\u00a0\u00bbon\u00a0\u00bb da_alt_close=\u00a0\u00bboff\u00a0\u00bb da_dark_close=\u00a0\u00bboff\u00a0\u00bb da_not_modal=\u00a0\u00bbon\u00a0\u00bb da_is_singular=\u00a0\u00bboff\u00a0\u00bb da_with_loader=\u00a0\u00bboff\u00a0\u00bb da_has_shadow=\u00a0\u00bbon\u00a0\u00bb][et_pb_row column_structure=\u00a0\u00bb1_2,1_2&Prime; make_equal=\u00a0\u00bbon\u00a0\u00bb _builder_version=\u00a0\u00bb4.22.1&Prime; _module_preset=\u00a0\u00bbdefault\u00a0\u00bb background_color=\u00a0\u00bbgcid-4cbbbbbc-2956-4560-9b4b-008a3e6b5657&Prime; background_enable_image=\u00a0\u00bboff\u00a0\u00bb max_width=\u00a0\u00bb1150px\u00a0\u00bb custom_margin=\u00a0\u00bb||||false|false\u00a0\u00bb custom_padding=\u00a0\u00bb2%|2%|2%|2%|true|true\u00a0\u00bb border_radii=\u00a0\u00bbon|10px|10px|10px|10px\u00a0\u00bb locked=\u00a0\u00bboff\u00a0\u00bb global_colors_info=\u00a0\u00bb{%22gcid-4cbbbbbc-2956-4560-9b4b-008a3e6b5657%22:%91%22background_color%22%93}\u00a0\u00bb custom_css_main_element_last_edited=\u00a0\u00bboff|tablet\u00a0\u00bb custom_css_main_element_tablet=\u00a0\u00bb \u00a0\u00bb custom_css_main_element_phone=\u00a0\u00bb \u00a0\u00bb max_width__hover_enabled=\u00a0\u00bboff|desktop\u00a0\u00bb][et_pb_column type=\u00a0\u00bb1_2&Prime; _builder_version=\u00a0\u00bb4.22.1&Prime; _module_preset=\u00a0\u00bbdefault\u00a0\u00bb background_enable_color=\u00a0\u00bboff\u00a0\u00bb global_colors_info=\u00a0\u00bb{}\u00a0\u00bb][et_pb_text _builder_version=\u00a0\u00bb4.22.1&Prime; _module_preset=\u00a0\u00bbdefault\u00a0\u00bb text_font=\u00a0\u00bbInter||||||||\u00a0\u00bb text_text_color=\u00a0\u00bb#FFFFFF\u00a0\u00bb text_letter_spacing=\u00a0\u00bb-2px\u00a0\u00bb text_line_height=\u00a0\u00bb1.2em\u00a0\u00bb header_text_color=\u00a0\u00bb#FFFFFF\u00a0\u00bb header_font_size=\u00a0\u00bb58px\u00a0\u00bb custom_margin=\u00a0\u00bb||18px|||\u00a0\u00bb text_font_size_tablet=\u00a0\u00bb80px\u00a0\u00bb text_font_size_phone=\u00a0\u00bb55px\u00a0\u00bb text_font_size_last_edited=\u00a0\u00bboff|desktop\u00a0\u00bb header_text_shadow_style=\u00a0\u00bbpreset3&Prime; header_text_shadow_color=\u00a0\u00bbrgba(0,0,0,0.8)\u00a0\u00bb global_colors_info=\u00a0\u00bb{}\u00a0\u00bb]<\/p>\n<h1><span>Contact Hypercharge<\/span><\/h1>\n<p>[\/et_pb_text][et_pb_text _builder_version=\u00a0\u00bb4.22.1&Prime; _module_preset=\u00a0\u00bbdefault\u00a0\u00bb text_text_color=\u00a0\u00bb#FFFFFF\u00a0\u00bb text_font_size=\u00a0\u00bb16px\u00a0\u00bb custom_margin=\u00a0\u00bb||158px|||\u00a0\u00bb custom_margin_tablet=\u00a0\u00bb||30px||false|false\u00a0\u00bb custom_margin_phone=\u00a0\u00bb||30px||false|false\u00a0\u00bb custom_margin_last_edited=\u00a0\u00bbon|phone\u00a0\u00bb custom_padding=\u00a0\u00bb||||false|false\u00a0\u00bb text_text_shadow_style=\u00a0\u00bbpreset3&Prime; text_text_shadow_color=\u00a0\u00bbrgba(0,0,0,0.8)\u00a0\u00bb locked=\u00a0\u00bboff\u00a0\u00bb global_colors_info=\u00a0\u00bb{}\u00a0\u00bb]<\/p>\n<div class=\"section\">\n<div class=\"layoutArea\">\n<div class=\"column\">\n<p>Notre passion pour l\u2019avenir du transport commence avec vous. Contactez-nous pour en savoir plus. <\/p>\n<\/div>\n<\/div>\n<\/div>\n<p>[\/et_pb_text][\/et_pb_column][et_pb_column type=\u00a0\u00bb1_2&Prime; _builder_version=\u00a0\u00bb4.22.1&Prime; _module_preset=\u00a0\u00bbdefault\u00a0\u00bb custom_padding_tablet=\u00a0\u00bb|10px|||false|false\u00a0\u00bb custom_padding_phone=\u00a0\u00bb|10px|||false|false\u00a0\u00bb custom_padding_last_edited=\u00a0\u00bbon|desktop\u00a0\u00bb global_colors_info=\u00a0\u00bb{}\u00a0\u00bb][\/et_pb_column][\/et_pb_row][\/et_pb_section][et_pb_section fb_built=\u00a0\u00bb1&Prime; disabled_on=\u00a0\u00bboff|off|off\u00a0\u00bb admin_label=\u00a0\u00bbSection\u00a0\u00bb _builder_version=\u00a0\u00bb4.22.1&Prime; _module_preset=\u00a0\u00bbdefault\u00a0\u00bb background_color=\u00a0\u00bbgcid-e33f8766-dffb-4d73-ab3e-baaca5820587&Prime; background_enable_image=\u00a0\u00bboff\u00a0\u00bb custom_padding=\u00a0\u00bb0px||30px||false|false\u00a0\u00bb background_enable_color_tablet=\u00a0\u00bboff\u00a0\u00bb use_background_color_gradient_tablet=\u00a0\u00bbon\u00a0\u00bb background_color_gradient_direction_tablet=\u00a0\u00bb180deg\u00a0\u00bb background_color_gradient_stops_tablet=\u00a0\u00bbrgba(10,28,43,0.9) 100%|rgba(0,0,0,0) 100%\u00a0\u00bb background_color_gradient_overlays_image_tablet=\u00a0\u00bbon\u00a0\u00bb background_color_gradient_start_tablet=\u00a0\u00bbrgba(10,28,43,0.9)\u00a0\u00bb background_color_gradient_end_tablet=\u00a0\u00bbrgba(0,0,0,0)\u00a0\u00bb background_image_tablet=\u00a0\u00bbhttps:\/\/hypercharge.com\/wp-content\/uploads\/hc-fleet-tra-head.jpg\u00a0\u00bb background_enable_image_tablet=\u00a0\u00bbon\u00a0\u00bb background_enable_mask_style_tablet=\u00a0\u00bboff\u00a0\u00bb da_disable_devices=\u00a0\u00bboff|off|off\u00a0\u00bb locked=\u00a0\u00bboff\u00a0\u00bb global_colors_info=\u00a0\u00bb{%22gcid-e33f8766-dffb-4d73-ab3e-baaca5820587%22:%91%22background_color%22,%22background_color%22%93}\u00a0\u00bb da_is_popup=\u00a0\u00bboff\u00a0\u00bb da_exit_intent=\u00a0\u00bboff\u00a0\u00bb da_has_close=\u00a0\u00bbon\u00a0\u00bb da_alt_close=\u00a0\u00bboff\u00a0\u00bb da_dark_close=\u00a0\u00bboff\u00a0\u00bb da_not_modal=\u00a0\u00bbon\u00a0\u00bb da_is_singular=\u00a0\u00bboff\u00a0\u00bb da_with_loader=\u00a0\u00bboff\u00a0\u00bb da_has_shadow=\u00a0\u00bbon\u00a0\u00bb][et_pb_row column_structure=\u00a0\u00bb1_3,1_3,1_3&Prime; use_custom_gutter=\u00a0\u00bbon\u00a0\u00bb gutter_width=\u00a0\u00bb2&Prime; _builder_version=\u00a0\u00bb4.22.1&Prime; _module_preset=\u00a0\u00bbdefault\u00a0\u00bb background_enable_color=\u00a0\u00bboff\u00a0\u00bb background_enable_image=\u00a0\u00bboff\u00a0\u00bb max_width=\u00a0\u00bb1150px\u00a0\u00bb custom_margin=\u00a0\u00bb||||false|false\u00a0\u00bb custom_padding=\u00a0\u00bb0px||0px||false|false\u00a0\u00bb locked=\u00a0\u00bboff\u00a0\u00bb global_colors_info=\u00a0\u00bb{}\u00a0\u00bb custom_css_main_element_last_edited=\u00a0\u00bboff|tablet\u00a0\u00bb custom_css_main_element_tablet=\u00a0\u00bb \u00a0\u00bb custom_css_main_element_phone=\u00a0\u00bb \u00a0\u00bb max_width__hover_enabled=\u00a0\u00bboff|desktop\u00a0\u00bb][et_pb_column type=\u00a0\u00bb1_3&Prime; _builder_version=\u00a0\u00bb4.22.1&Prime; _module_preset=\u00a0\u00bbdefault\u00a0\u00bb background_color=\u00a0\u00bb#FFFFFF\u00a0\u00bb background_enable_image=\u00a0\u00bboff\u00a0\u00bb custom_padding=\u00a0\u00bb3%|3%|3%|3%|true|true\u00a0\u00bb border_radii=\u00a0\u00bbon|10px|10px|10px|10px\u00a0\u00bb border_color_all=\u00a0\u00bbgcid-4f4eeadd-8d79-4837-8453-22ff44dfdc2b\u00a0\u00bb global_colors_info=\u00a0\u00bb{%22gcid-4f4eeadd-8d79-4837-8453-22ff44dfdc2b%22:%91%22border_color_all%22%93}\u00a0\u00bb border_width_all__hover=\u00a0\u00bb1px\u00a0\u00bb border_width_all__hover_enabled=\u00a0\u00bboff|desktop\u00a0\u00bb][et_pb_code _builder_version=\u00a0\u00bb4.22.1&Prime; _module_preset=\u00a0\u00bbdefault\u00a0\u00bb text_orientation=\u00a0\u00bbleft\u00a0\u00bb custom_margin=\u00a0\u00bb||5px||false|false\u00a0\u00bb locked=\u00a0\u00bboff\u00a0\u00bb global_colors_info=\u00a0\u00bb{}\u00a0\u00bb]<svg xmlns=\"http:\/\/www.w3.org\/2000\/svg\" class=\"icon icon-tabler icon-tabler-message\" width=\"60\" height=\"60\" viewbox=\"0 0 24 24\" stroke-width=\"1\" stroke=\"#0A1C2B\" fill=\"none\" stroke-linecap=\"round\" stroke-linejoin=\"round\"><!-- [et_pb_line_break_holder] -->  <path stroke=\"none\" d=\"M0 0h24v24H0z\" fill=\"none\"><\/path><!-- [et_pb_line_break_holder] -->  <path d=\"M8 9h8\"><\/path><!-- [et_pb_line_break_holder] -->  <path d=\"M8 13h6\"><\/path><!-- [et_pb_line_break_holder] -->  <path d=\"M18 4a3 3 0 0 1 3 3v8a3 3 0 0 1 -3 3h-5l-5 3v-3h-2a3 3 0 0 1 -3 -3v-8a3 3 0 0 1 3 -3h12z\"><\/path><!-- [et_pb_line_break_holder] --><\/svg>[\/et_pb_code][et_pb_text _builder_version=\u00a0\u00bb4.22.1&Prime; _module_preset=\u00a0\u00bbdefault\u00a0\u00bb custom_margin=\u00a0\u00bb||6px|||\u00a0\u00bb locked=\u00a0\u00bboff\u00a0\u00bb global_colors_info=\u00a0\u00bb{%22gcid-4cbbbbbc-2956-4560-9b4b-008a3e6b5657%22:%91%22text_text_color%22,%22link_text_color%22%93,%22gcid-4f4eeadd-8d79-4837-8453-22ff44dfdc2b%22:%91%22link_text_color__hover%22%93}\u00a0\u00bb]<\/p>\n<h2>Chat<\/h2>\n<p>[\/et_pb_text][et_pb_text _builder_version=\u00a0\u00bb4.22.1&Prime; _module_preset=\u00a0\u00bbdefault\u00a0\u00bb text_font_size=\u00a0\u00bb16px\u00a0\u00bb locked=\u00a0\u00bboff\u00a0\u00bb global_colors_info=\u00a0\u00bb{%22gcid-4cbbbbbc-2956-4560-9b4b-008a3e6b5657%22:%91%22text_text_color%22,%22link_text_color%22%93,%22gcid-4f4eeadd-8d79-4837-8453-22ff44dfdc2b%22:%91%22link_text_color__hover%22%93}\u00a0\u00bb]<\/p>\n<p><span>Connectez-vous instantan\u00e9ment \u00e0 notre \u00e9quipe de soutien \u00e0 la client\u00e8le pour une assistance en temps r\u00e9el.<\/span><\/p>\n<p>[\/et_pb_text][et_pb_button button_url=\u00a0\u00bb#livechat\u00a0\u00bb button_text=\u00a0\u00bbLancer le chat en direct\u00a0\u00bb module_class=\u00a0\u00bblivechat\u00a0\u00bb _builder_version=\u00a0\u00bb4.22.1&Prime; _module_preset=\u00a0\u00bbdefault\u00a0\u00bb custom_button=\u00a0\u00bbon\u00a0\u00bb button_text_size=\u00a0\u00bb18px\u00a0\u00bb button_text_color=\u00a0\u00bbgcid-4f4eeadd-8d79-4837-8453-22ff44dfdc2b\u00a0\u00bb button_border_width=\u00a0\u00bb1px\u00a0\u00bb locked=\u00a0\u00bboff\u00a0\u00bb global_colors_info=\u00a0\u00bb{%22gcid-4f4eeadd-8d79-4837-8453-22ff44dfdc2b%22:%91%22button_bg_color__hover%22,%22button_text_color%22%93}\u00a0\u00bb button_bg_color__hover_enabled=\u00a0\u00bbon|hover\u00a0\u00bb button_bg_color__hover=\u00a0\u00bb#f04d25&Prime; button_bg_enable_color__hover=\u00a0\u00bbon\u00a0\u00bb button_text_color__hover_enabled=\u00a0\u00bbon|desktop\u00a0\u00bb button_text_color__hover=\u00a0\u00bb#FFFFFF\u00a0\u00bb][\/et_pb_button][\/et_pb_column][et_pb_column type=\u00a0\u00bb1_3&Prime; _builder_version=\u00a0\u00bb4.22.1&Prime; _module_preset=\u00a0\u00bbdefault\u00a0\u00bb background_color=\u00a0\u00bb#FFFFFF\u00a0\u00bb background_enable_image=\u00a0\u00bboff\u00a0\u00bb custom_padding=\u00a0\u00bb3%|3%|3%|3%|true|true\u00a0\u00bb border_radii=\u00a0\u00bbon|10px|10px|10px|10px\u00a0\u00bb border_color_all=\u00a0\u00bbgcid-4f4eeadd-8d79-4837-8453-22ff44dfdc2b\u00a0\u00bb global_colors_info=\u00a0\u00bb{%22gcid-4f4eeadd-8d79-4837-8453-22ff44dfdc2b%22:%91%22border_color_all%22%93}\u00a0\u00bb border_width_all__hover=\u00a0\u00bb1px\u00a0\u00bb border_width_all__hover_enabled=\u00a0\u00bboff|desktop\u00a0\u00bb][et_pb_code _builder_version=\u00a0\u00bb4.22.1&Prime; _module_preset=\u00a0\u00bbdefault\u00a0\u00bb text_orientation=\u00a0\u00bbleft\u00a0\u00bb custom_margin=\u00a0\u00bb||5px||false|false\u00a0\u00bb locked=\u00a0\u00bboff\u00a0\u00bb global_colors_info=\u00a0\u00bb{}\u00a0\u00bb]<svg xmlns=\"http:\/\/www.w3.org\/2000\/svg\" class=\"icon icon-tabler icon-tabler-phone\" width=\"60\" height=\"60\" viewbox=\"0 0 24 24\" stroke-width=\"1\" stroke=\"#0A1C2B\" fill=\"none\" stroke-linecap=\"round\" stroke-linejoin=\"round\"><!-- [et_pb_line_break_holder] -->  <path stroke=\"none\" d=\"M0 0h24v24H0z\" fill=\"none\"><\/path><!-- [et_pb_line_break_holder] -->  <path d=\"M5 4h4l2 5l-2.5 1.5a11 11 0 0 0 5 5l1.5 -2.5l5 2v4a2 2 0 0 1 -2 2a16 16 0 0 1 -15 -15a2 2 0 0 1 2 -2\"><\/path><!-- [et_pb_line_break_holder] --><\/svg>[\/et_pb_code][et_pb_text _builder_version=\u00a0\u00bb4.22.1&Prime; _module_preset=\u00a0\u00bbdefault\u00a0\u00bb custom_margin=\u00a0\u00bb||6px|||\u00a0\u00bb locked=\u00a0\u00bboff\u00a0\u00bb global_colors_info=\u00a0\u00bb{%22gcid-4cbbbbbc-2956-4560-9b4b-008a3e6b5657%22:%91%22text_text_color%22,%22link_text_color%22%93,%22gcid-4f4eeadd-8d79-4837-8453-22ff44dfdc2b%22:%91%22link_text_color__hover%22%93}\u00a0\u00bb]<\/p>\n<h2>Appel<\/h2>\n<p>[\/et_pb_text][et_pb_text _builder_version=\u00a0\u00bb4.22.1&Prime; _module_preset=\u00a0\u00bbdefault\u00a0\u00bb text_font_size=\u00a0\u00bb16px\u00a0\u00bb locked=\u00a0\u00bboff\u00a0\u00bb global_colors_info=\u00a0\u00bb{%22gcid-4cbbbbbc-2956-4560-9b4b-008a3e6b5657%22:%91%22text_text_color%22,%22link_text_color%22%93,%22gcid-4f4eeadd-8d79-4837-8453-22ff44dfdc2b%22:%91%22link_text_color__hover%22%93}\u00a0\u00bb]<\/p>\n<p><span>Parlez directement \u00e0 un repr\u00e9sentant du service \u00e0 la client\u00e8le pour en savoir plus sur Hypercharge.<\/span><\/p>\n<p>[\/et_pb_text][et_pb_button button_url=\u00a0\u00bbtel:+18667645433&Prime; button_text=\u00a0\u00bbAppelez le +1 (866) 764-5433&Prime; _builder_version=\u00a0\u00bb4.22.1&Prime; _module_preset=\u00a0\u00bbdefault\u00a0\u00bb custom_button=\u00a0\u00bbon\u00a0\u00bb button_text_size=\u00a0\u00bb18px\u00a0\u00bb button_text_color=\u00a0\u00bbgcid-4f4eeadd-8d79-4837-8453-22ff44dfdc2b\u00a0\u00bb button_border_width=\u00a0\u00bb1px\u00a0\u00bb locked=\u00a0\u00bboff\u00a0\u00bb global_colors_info=\u00a0\u00bb{%22gcid-4f4eeadd-8d79-4837-8453-22ff44dfdc2b%22:%91%22button_bg_color__hover%22,%22button_text_color%22%93}\u00a0\u00bb button_bg_color__hover_enabled=\u00a0\u00bbon|hover\u00a0\u00bb button_bg_color__hover=\u00a0\u00bb#f04d25&Prime; button_bg_enable_color__hover=\u00a0\u00bbon\u00a0\u00bb button_text_color__hover_enabled=\u00a0\u00bbon|desktop\u00a0\u00bb button_text_color__hover=\u00a0\u00bb#FFFFFF\u00a0\u00bb][\/et_pb_button][\/et_pb_column][et_pb_column type=\u00a0\u00bb1_3&Prime; _builder_version=\u00a0\u00bb4.22.1&Prime; _module_preset=\u00a0\u00bbdefault\u00a0\u00bb background_color=\u00a0\u00bb#FFFFFF\u00a0\u00bb background_enable_image=\u00a0\u00bboff\u00a0\u00bb custom_padding=\u00a0\u00bb3%|3%|3%|3%|true|true\u00a0\u00bb border_radii=\u00a0\u00bbon|10px|10px|10px|10px\u00a0\u00bb border_color_all=\u00a0\u00bbgcid-4f4eeadd-8d79-4837-8453-22ff44dfdc2b\u00a0\u00bb global_colors_info=\u00a0\u00bb{%22gcid-4f4eeadd-8d79-4837-8453-22ff44dfdc2b%22:%91%22border_color_all%22%93}\u00a0\u00bb border_width_all__hover=\u00a0\u00bb1px\u00a0\u00bb border_width_all__hover_enabled=\u00a0\u00bboff|desktop\u00a0\u00bb][et_pb_code _builder_version=\u00a0\u00bb4.22.1&Prime; _module_preset=\u00a0\u00bbdefault\u00a0\u00bb text_orientation=\u00a0\u00bbleft\u00a0\u00bb custom_margin=\u00a0\u00bb||5px||false|false\u00a0\u00bb locked=\u00a0\u00bboff\u00a0\u00bb global_colors_info=\u00a0\u00bb{}\u00a0\u00bb]<svg xmlns=\"http:\/\/www.w3.org\/2000\/svg\" class=\"icon icon-tabler icon-tabler-mail\" width=\"60\" height=\"60\" viewbox=\"0 0 24 24\" stroke-width=\"1\" stroke=\"#0A1C2B\" fill=\"none\" stroke-linecap=\"round\" stroke-linejoin=\"round\"><!-- [et_pb_line_break_holder] -->  <path stroke=\"none\" d=\"M0 0h24v24H0z\" fill=\"none\"><\/path><!-- [et_pb_line_break_holder] -->  <path d=\"M3 7a2 2 0 0 1 2 -2h14a2 2 0 0 1 2 2v10a2 2 0 0 1 -2 2h-14a2 2 0 0 1 -2 -2v-10z\"><\/path><!-- [et_pb_line_break_holder] -->  <path d=\"M3 7l9 6l9 -6\"><\/path><!-- [et_pb_line_break_holder] --><\/svg>[\/et_pb_code][et_pb_text _builder_version=\u00a0\u00bb4.22.1&Prime; _module_preset=\u00a0\u00bbdefault\u00a0\u00bb custom_margin=\u00a0\u00bb||6px|||\u00a0\u00bb locked=\u00a0\u00bboff\u00a0\u00bb global_colors_info=\u00a0\u00bb{%22gcid-4cbbbbbc-2956-4560-9b4b-008a3e6b5657%22:%91%22text_text_color%22,%22link_text_color%22%93,%22gcid-4f4eeadd-8d79-4837-8453-22ff44dfdc2b%22:%91%22link_text_color__hover%22%93}\u00a0\u00bb]<\/p>\n<h2>Courriel<\/h2>\n<p>[\/et_pb_text][et_pb_text _builder_version=\u00a0\u00bb4.22.1&Prime; _module_preset=\u00a0\u00bbdefault\u00a0\u00bb text_font_size=\u00a0\u00bb16px\u00a0\u00bb locked=\u00a0\u00bboff\u00a0\u00bb global_colors_info=\u00a0\u00bb{%22gcid-4cbbbbbc-2956-4560-9b4b-008a3e6b5657%22:%91%22text_text_color%22,%22link_text_color%22%93,%22gcid-4f4eeadd-8d79-4837-8453-22ff44dfdc2b%22:%91%22link_text_color__hover%22%93}\u00a0\u00bb]<\/p>\n<p><span>Envoyez-nous vos questions ou pr\u00e9occupations et recevez une r\u00e9ponse d\u00e9taill\u00e9e dans les 24 heures.<\/span><\/p>\n<p>[\/et_pb_text][et_pb_button button_url=\u00a0\u00bbmailto:info@hypercharge.com\u00a0\u00bb button_text=\u00a0\u00bbEnvoyer un message\u00a0\u00bb _builder_version=\u00a0\u00bb4.22.1&Prime; _module_preset=\u00a0\u00bbdefault\u00a0\u00bb custom_button=\u00a0\u00bbon\u00a0\u00bb button_text_size=\u00a0\u00bb18px\u00a0\u00bb button_text_color=\u00a0\u00bbgcid-4f4eeadd-8d79-4837-8453-22ff44dfdc2b\u00a0\u00bb button_border_width=\u00a0\u00bb1px\u00a0\u00bb locked=\u00a0\u00bboff\u00a0\u00bb global_colors_info=\u00a0\u00bb{%22gcid-4f4eeadd-8d79-4837-8453-22ff44dfdc2b%22:%91%22button_bg_color__hover%22,%22button_text_color%22%93}\u00a0\u00bb button_bg_color__hover_enabled=\u00a0\u00bbon|hover\u00a0\u00bb button_bg_color__hover=\u00a0\u00bb#f04d25&Prime; button_bg_enable_color__hover=\u00a0\u00bbon\u00a0\u00bb button_text_color__hover_enabled=\u00a0\u00bbon|desktop\u00a0\u00bb button_text_color__hover=\u00a0\u00bb#FFFFFF\u00a0\u00bb][\/et_pb_button][\/et_pb_column][\/et_pb_row][\/et_pb_section][et_pb_section fb_built=\u00a0\u00bb1&Prime; disabled_on=\u00a0\u00bboff|off|off\u00a0\u00bb admin_label=\u00a0\u00bbSection\u00a0\u00bb _builder_version=\u00a0\u00bb4.22.1&Prime; _module_preset=\u00a0\u00bbdefault\u00a0\u00bb background_color=\u00a0\u00bbgcid-e33f8766-dffb-4d73-ab3e-baaca5820587&Prime; background_enable_image=\u00a0\u00bboff\u00a0\u00bb custom_padding=\u00a0\u00bb0px||30px||false|false\u00a0\u00bb background_enable_color_tablet=\u00a0\u00bboff\u00a0\u00bb use_background_color_gradient_tablet=\u00a0\u00bbon\u00a0\u00bb background_color_gradient_direction_tablet=\u00a0\u00bb180deg\u00a0\u00bb background_color_gradient_stops_tablet=\u00a0\u00bbrgba(10,28,43,0.9) 100%|rgba(0,0,0,0) 100%\u00a0\u00bb background_color_gradient_overlays_image_tablet=\u00a0\u00bbon\u00a0\u00bb background_color_gradient_start_tablet=\u00a0\u00bbrgba(10,28,43,0.9)\u00a0\u00bb background_color_gradient_end_tablet=\u00a0\u00bbrgba(0,0,0,0)\u00a0\u00bb background_image_tablet=\u00a0\u00bbhttps:\/\/hypercharge.com\/wp-content\/uploads\/hc-fleet-tra-head.jpg\u00a0\u00bb background_enable_image_tablet=\u00a0\u00bbon\u00a0\u00bb background_enable_mask_style_tablet=\u00a0\u00bboff\u00a0\u00bb da_disable_devices=\u00a0\u00bboff|off|off\u00a0\u00bb locked=\u00a0\u00bboff\u00a0\u00bb global_colors_info=\u00a0\u00bb{%22gcid-e33f8766-dffb-4d73-ab3e-baaca5820587%22:%91%22background_color%22,%22background_color%22%93}\u00a0\u00bb da_is_popup=\u00a0\u00bboff\u00a0\u00bb da_exit_intent=\u00a0\u00bboff\u00a0\u00bb da_has_close=\u00a0\u00bbon\u00a0\u00bb da_alt_close=\u00a0\u00bboff\u00a0\u00bb da_dark_close=\u00a0\u00bboff\u00a0\u00bb da_not_modal=\u00a0\u00bbon\u00a0\u00bb da_is_singular=\u00a0\u00bboff\u00a0\u00bb da_with_loader=\u00a0\u00bboff\u00a0\u00bb da_has_shadow=\u00a0\u00bbon\u00a0\u00bb][et_pb_row use_custom_gutter=\u00a0\u00bbon\u00a0\u00bb gutter_width=\u00a0\u00bb2&Prime; _builder_version=\u00a0\u00bb4.27.6&Prime; _module_preset=\u00a0\u00bbdefault\u00a0\u00bb background_enable_color=\u00a0\u00bboff\u00a0\u00bb background_enable_image=\u00a0\u00bboff\u00a0\u00bb max_width=\u00a0\u00bb1150px\u00a0\u00bb custom_margin=\u00a0\u00bb||||false|false\u00a0\u00bb custom_padding=\u00a0\u00bb0px||0px||false|false\u00a0\u00bb hover_enabled=\u00a0\u00bb0&Prime; locked=\u00a0\u00bboff\u00a0\u00bb global_colors_info=\u00a0\u00bb{}\u00a0\u00bb custom_css_main_element_last_edited=\u00a0\u00bboff|tablet\u00a0\u00bb custom_css_main_element_tablet=\u00a0\u00bb \u00a0\u00bb custom_css_main_element_phone=\u00a0\u00bb \u00a0\u00bb max_width__hover_enabled=\u00a0\u00bboff|desktop\u00a0\u00bb sticky_enabled=\u00a0\u00bb0&Prime;][et_pb_column type=\u00a0\u00bb4_4&Prime; _builder_version=\u00a0\u00bb4.22.1&Prime; _module_preset=\u00a0\u00bbdefault\u00a0\u00bb background_color=\u00a0\u00bb#FFFFFF\u00a0\u00bb background_enable_image=\u00a0\u00bboff\u00a0\u00bb custom_padding=\u00a0\u00bb3%|3%|3%|3%|true|true\u00a0\u00bb border_radii=\u00a0\u00bbon|10px|10px|10px|10px\u00a0\u00bb border_color_all=\u00a0\u00bbgcid-4f4eeadd-8d79-4837-8453-22ff44dfdc2b\u00a0\u00bb global_colors_info=\u00a0\u00bb{%22gcid-4f4eeadd-8d79-4837-8453-22ff44dfdc2b%22:%91%22border_color_all%22%93}\u00a0\u00bb border_width_all__hover=\u00a0\u00bb1px\u00a0\u00bb border_width_all__hover_enabled=\u00a0\u00bboff|desktop\u00a0\u00bb][et_pb_code _builder_version=\u00a0\u00bb4.22.1&Prime; _module_preset=\u00a0\u00bbdefault\u00a0\u00bb text_orientation=\u00a0\u00bbleft\u00a0\u00bb custom_margin=\u00a0\u00bb||5px||false|false\u00a0\u00bb locked=\u00a0\u00bboff\u00a0\u00bb global_colors_info=\u00a0\u00bb{}\u00a0\u00bb]<svg xmlns=\"http:\/\/www.w3.org\/2000\/svg\" class=\"icon icon-tabler icon-tabler-map-pin-2\" width=\"60\" height=\"60\" viewbox=\"0 0 24 24\" stroke-width=\"1\" stroke=\"#0A1C2B\" fill=\"none\" stroke-linecap=\"round\" stroke-linejoin=\"round\"><!-- [et_pb_line_break_holder] -->  <path stroke=\"none\" d=\"M0 0h24v24H0z\" fill=\"none\"><\/path><!-- [et_pb_line_break_holder] -->  <path d=\"M12 18.5l-3 -1.5l-6 3v-13l6 -3l6 3l6 -3v7\"><\/path><!-- [et_pb_line_break_holder] -->  <path d=\"M9 4v13\"><\/path><!-- [et_pb_line_break_holder] -->  <path d=\"M15 7v5\"><\/path><!-- [et_pb_line_break_holder] -->  <path d=\"M21.121 20.121a3 3 0 1 0 -4.242 0c.418 .419 1.125 1.045 2.121 1.879c1.051 -.89 1.759 -1.516 2.121 -1.879z\"><\/path><!-- [et_pb_line_break_holder] -->  <path d=\"M19 18v.01\"><\/path><!-- [et_pb_line_break_holder] --><\/svg>[\/et_pb_code][et_pb_text _builder_version=\u00a0\u00bb4.22.1&Prime; _module_preset=\u00a0\u00bbdefault\u00a0\u00bb custom_margin=\u00a0\u00bb||6px|||\u00a0\u00bb locked=\u00a0\u00bboff\u00a0\u00bb global_colors_info=\u00a0\u00bb{%22gcid-4cbbbbbc-2956-4560-9b4b-008a3e6b5657%22:%91%22text_text_color%22,%22link_text_color%22%93,%22gcid-4f4eeadd-8d79-4837-8453-22ff44dfdc2b%22:%91%22link_text_color__hover%22%93}\u00a0\u00bb]<\/p>\n<h2>Vancouver<\/h2>\n<p>[\/et_pb_text][et_pb_text _builder_version=\u00a0\u00bb4.22.1&Prime; _module_preset=\u00a0\u00bbdefault\u00a0\u00bb text_font_size=\u00a0\u00bb16px\u00a0\u00bb locked=\u00a0\u00bboff\u00a0\u00bb global_colors_info=\u00a0\u00bb{%22gcid-4cbbbbbc-2956-4560-9b4b-008a3e6b5657%22:%91%22text_text_color%22,%22link_text_color%22%93,%22gcid-4f4eeadd-8d79-4837-8453-22ff44dfdc2b%22:%91%22link_text_color__hover%22%93}\u00a0\u00bb]<\/p>\n<h6>Quartier g\u00e9n\u00e9ral d\u2019Hypercharge<\/h6>\n<p>[\/et_pb_text][et_pb_text _builder_version=\u00a0\u00bb4.24.3&Prime; _module_preset=\u00a0\u00bbdefault\u00a0\u00bb text_font_size=\u00a0\u00bb16px\u00a0\u00bb locked=\u00a0\u00bboff\u00a0\u00bb global_colors_info=\u00a0\u00bb{%22gcid-4cbbbbbc-2956-4560-9b4b-008a3e6b5657%22:%91%22text_text_color%22,%22link_text_color%22%93,%22gcid-4f4eeadd-8d79-4837-8453-22ff44dfdc2b%22:%91%22link_text_color__hover%22%93}\u00a0\u00bb]<\/p>\n<p><span>208-1075 W 1re Rue<br \/>North Vancouver, C.-B. V7P 3T4<br \/>Canada<\/span><span><\/span><\/p>\n<p>[\/et_pb_text][\/et_pb_column][\/et_pb_row][\/et_pb_section]<\/p>\n","protected":false},"excerpt":{"rendered":"<p>Contact Hypercharge Notre passion pour l\u2019avenir du transport commence avec vous. Contactez-nous pour en savoir plus. ChatConnectez-vous instantan\u00e9ment \u00e0 notre \u00e9quipe de soutien \u00e0 la client\u00e8le pour une assistance en temps r\u00e9el.AppelParlez directement \u00e0 un repr\u00e9sentant du service \u00e0 la client\u00e8le pour en savoir plus sur Hypercharge.CourrielEnvoyez-nous vos questions ou pr\u00e9occupations et recevez une r\u00e9ponse [&hellip;]<\/p>\n","protected":false},"author":5,"featured_media":0,"parent":0,"menu_order":0,"comment_status":"closed","ping_status":"closed","template":"","meta":{"_et_pb_use_builder":"on","_et_pb_old_content":"","_et_gb_content_width":"","inline_featured_image":false,"footnotes":""},"wf_page_folders":[84],"class_list":["post-88157","page","type-page","status-publish","hentry"],"_links":{"self":[{"href":"https:\/\/hypercharge.com\/fr\/wp-json\/wp\/v2\/pages\/88157","targetHints":{"allow":["GET"]}}],"collection":[{"href":"https:\/\/hypercharge.com\/fr\/wp-json\/wp\/v2\/pages"}],"about":[{"href":"https:\/\/hypercharge.com\/fr\/wp-json\/wp\/v2\/types\/page"}],"author":[{"embeddable":true,"href":"https:\/\/hypercharge.com\/fr\/wp-json\/wp\/v2\/users\/5"}],"replies":[{"embeddable":true,"href":"https:\/\/hypercharge.com\/fr\/wp-json\/wp\/v2\/comments?post=88157"}],"version-history":[{"count":0,"href":"https:\/\/hypercharge.com\/fr\/wp-json\/wp\/v2\/pages\/88157\/revisions"}],"wp:attachment":[{"href":"https:\/\/hypercharge.com\/fr\/wp-json\/wp\/v2\/media?parent=88157"}],"wp:term":[{"taxonomy":"wf_page_folders","embeddable":true,"href":"https:\/\/hypercharge.com\/fr\/wp-json\/wp\/v2\/wf_page_folders?post=88157"}],"curies":[{"name":"wp","href":"https:\/\/api.w.org\/{rel}","templated":true}]}}